{"id":12,"date":"2026-04-05T17:20:53","date_gmt":"2026-04-05T16:20:53","guid":{"rendered":"https:\/\/lllljro.cluster100.hosting.ovh.net\/?page_id=12"},"modified":"2026-04-06T05:43:28","modified_gmt":"2026-04-06T04:43:28","slug":"get-involved","status":"publish","type":"page","link":"https:\/\/patapon95.fr\/index.php\/get-involved\/","title":{"rendered":"Get-involved"},"content":{"rendered":"<div class=\"et_pb_section_0 et_pb_section et_section_regular et_block_section preset--module--divi-section--93fc173a-8ddb-4895-b0ef-bfcf1d5f7dc6\">\n<div class=\"et_pb_row_0 et_pb_row et_block_row\">\n<div class=\"et_pb_column_0 et_pb_column et_pb_column_4_4 et-last-child et_block_column et_pb_css_mix_blend_mode_passthrough\">\n<div class=\"et_pb_heading_0 et_pb_heading et_pb_module et_block_module preset--module--divi-heading--5cc275b2-b54a-44e7-a32c-abf79622799f\"><div class=\"et_pb_heading_container\"><h1 class=\"et_pb_module_header\">Comment nous rejoindre ?<\/h1><\/div><\/div>\n\n<div class=\"et_pb_text_0 et_pb_text et_pb_bg_layout_light et_pb_module et_block_module et_pb_text_align_center preset--module--divi-text--default\"><div class=\"et_pb_text_inner\"><p>B\u00e9n\u00e9vole ou simple soutien, votre engagement est important pour nous.<\/p>\n<\/div><\/div>\n<\/div>\n<\/div>\n\n<div class=\"et_pb_row_1 et_pb_row et_pb_equal_columns et_block_row\">\n<div class=\"et_pb_column_1 et_pb_column et_pb_column_1_3 et_block_column et_pb_css_mix_blend_mode_passthrough preset--module--divi-column--b7833b95-2e9d-4a64-a14a-e265ab475b11\">\n<div class=\"et_pb_heading_1 et_pb_heading et_pb_module et_block_module preset--module--divi-heading--59f599c4-b01e-4a9b-a0a5-f7b3e354c75a\"><div class=\"et_pb_heading_container\"><h4 class=\"et_pb_module_header\">Devenir b\u00e9n\u00e9vole<\/h4><\/div><\/div>\n\n<div class=\"et_pb_text_1 et_pb_text et_pb_bg_layout_light et_pb_module et_block_module preset--module--divi-text--a4d5bd0b-c6df-4efa-93df-b960974f4af4\"><div class=\"et_pb_text_inner\"><p>Vous \u00eates psychologue et vous voulez nous aider ?<br \/>Vous avez des comp\u00e9tences que vous pensez \u00eatre utile \u00e0 l'association ?<\/p>\n<\/div><\/div>\n\n<div class=\"et_pb_module et_pb_button_module_wrapper et_pb_button_0_wrapper preset--module--divi-button--e2a841c4-c53d-467b-9d63-0509f46f5388_wrapper\"><a class=\"et_pb_button_0 et_pb_button et_pb_bg_layout_light et_pb_module et_block_module preset--module--divi-button--e2a841c4-c53d-467b-9d63-0509f46f5388\" href=\"\">Allker plus loin<\/a><\/div>\n<\/div>\n\n<div class=\"et_pb_column_2 et_pb_column et_pb_column_1_3 et_block_column et_pb_css_mix_blend_mode_passthrough preset--module--divi-column--52115fba-d092-4238-883d-5957f46de4ce\">\n<div class=\"et_pb_heading_2 et_pb_heading et_pb_module et_block_module preset--module--divi-heading--59f599c4-b01e-4a9b-a0a5-f7b3e354c75a\"><div class=\"et_pb_heading_container\"><h4 class=\"et_pb_module_header\">Adh\u00e9rer<\/h4><\/div><\/div>\n\n<div class=\"et_pb_text_2 et_pb_text et_pb_bg_layout_light et_pb_module et_block_module preset--module--divi-text--default\"><div class=\"et_pb_text_inner\"><p>Le montant de la cotisation est de 20\u20ac, mais ici tout est fait pour ne laisser personne sur le cot\u00e9. C'est comme vous pouvez.<\/p>\n<\/div><\/div>\n\n<div class=\"et_pb_module et_pb_button_module_wrapper et_pb_button_1_wrapper preset--module--divi-button--default_wrapper\"><a class=\"et_pb_button_1 et_pb_button et_pb_bg_layout_light et_pb_module et_block_module preset--module--divi-button--default\" href=\"\">Adh\u00e9rer<\/a><\/div>\n<\/div>\n\n<div class=\"et_pb_column_3 et_pb_column et_pb_column_1_3 et-last-child et_block_column et_pb_css_mix_blend_mode_passthrough preset--module--divi-column--b2afa376-ca13-4be9-8294-3d2b586e8a03\">\n<div class=\"et_pb_heading_3 et_pb_heading et_pb_module et_block_module preset--module--divi-heading--59f599c4-b01e-4a9b-a0a5-f7b3e354c75a\"><div class=\"et_pb_heading_container\"><h4 class=\"et_pb_module_header\">Nous soutenir<\/h4><\/div><\/div>\n\n<div class=\"et_pb_text_3 et_pb_text et_pb_bg_layout_light et_pb_module et_block_module preset--module--divi-text--a4d5bd0b-c6df-4efa-93df-b960974f4af4\"><div class=\"et_pb_text_inner\"><p>Parler de nous autour de vous.\u00a0<\/p>\n<p>Pr\u00e9senter les id\u00e9es de l'association<\/p>\n<\/div><\/div>\n\n<div class=\"et_pb_module et_pb_button_module_wrapper et_pb_button_2_wrapper preset--module--divi-button--ec232acc-c5d4-452c-a33a-229826290fa9_wrapper\"><a class=\"et_pb_button_2 et_pb_button et_pb_bg_layout_light et_pb_module et_block_module preset--module--divi-button--ec232acc-c5d4-452c-a33a-229826290fa9\" href=\"\">Partagez autour de vous<\/a><\/div>\n<\/div>\n<\/div>\n<\/div>\n\n<div class=\"et_pb_section_1 et_pb_section et_section_regular et_block_section preset--module--divi-section--default\">\n<div class=\"et_pb_row_2 et_pb_row et_block_row\">\n<div class=\"et_pb_column_4 et_pb_column et_pb_column_1_2 et_block_column et_pb_css_mix_blend_mode_passthrough\">\n<div class=\"et_pb_heading_4 et_pb_heading et_pb_module et_block_module preset--module--divi-heading--default\"><div class=\"et_pb_heading_container\"><h2 class=\"et_pb_module_header\">Faire la diff\u00e9rence<\/h2><\/div><\/div>\n\n<div class=\"et_pb_text_4 et_pb_text et_pb_bg_layout_light et_pb_module et_block_module preset--module--divi-text--default\"><div class=\"et_pb_text_inner\"><p>.texte en cours<\/p>\n<\/div><\/div>\n<\/div>\n\n<div class=\"et_pb_column_5 et_pb_column et_pb_column_1_2 et-last-child et_block_column et_pb_css_mix_blend_mode_passthrough\">\n<div class=\"et_pb_video_0 et_pb_video et_pb_module et_block_module preset--module--divi-video--default\"><div class=\"et_pb_video_box\"><iframe loading=\"lazy\" title=\"Divi. The Ultimate WordPress Theme And Visual Page Builder\" width=\"1080\" height=\"608\" src=\"https:\/\/www.youtube.com\/embed\/FkQuawiGWUw?feature=oembed\"  allow=\"accelerometer; autoplay; clipboard-write; encrypted-media; gyroscope; picture-in-picture; web-share\" referrerpolicy=\"strict-origin-when-cross-origin\" allowfullscreen><\/iframe><\/div><div class=\"et_pb_video_overlay\" style=\"background-image:url(http:\/\/lllljro.cluster100.hosting.ovh.net\/wp-content\/uploads\/2026\/04\/non-profit-07-1.jpg)\"><div class=\"et_pb_video_overlay_hover\"><a class=\"et_pb_video_play\" href=\"#\"><\/a><\/div><\/div><\/div>\n\n<div class=\"et_pb_module et_pb_button_module_wrapper et_pb_button_3_wrapper preset--module--divi-button--fd900b14-7333-4b65-bbdc-198354697477_wrapper\"><a class=\"et_pb_button_3 et_pb_button et_pb_bg_layout_light et_pb_module et_block_module preset--module--divi-button--fd900b14-7333-4b65-bbdc-198354697477\" href=\"\">View Initiatives<\/a><\/div>\n<\/div>\n<\/div>\n<\/div>\n\n<div class=\"et_pb_section_2 et_pb_section et_section_regular et_block_section et_pb_section_parallax preset--module--divi-section--903608f7-e57f-4dd6-9c67-77df3a52a79b\"><span class=\"et-pb-parallax-wrapper\"><span class=\"et-pb-parallax-background et-pb-parallax-background-module--divi-section-2\" style=\"background-image:url(http:\/\/lllljro.cluster100.hosting.ovh.net\/wp-content\/uploads\/2026\/04\/non-profit-01.jpg)\"><\/span><span class=\"et_parallax_gradient\" style=\"background-image:radial-gradient(circle at top right, #072130 30%,rgba(255,255,255,0) 100%)\"><\/span><\/span>\n<div class=\"et_pb_row_3 et_pb_row et_block_row\">\n<div class=\"et_pb_column_6 et_pb_column et_pb_column_1_2 et_block_column et_pb_css_mix_blend_mode_passthrough preset--module--divi-column--52115fba-d092-4238-883d-5957f46de4ce\">\n<div class=\"et_pb_image_0 et_pb_image et_pb_module et_block_module preset--module--divi-image--default\"><span class=\"et_pb_image_wrap\"><img decoding=\"async\" src=\"http:\/\/lllljro.cluster100.hosting.ovh.net\/wp-content\/uploads\/2026\/04\/non-profit-06-1.jpg\" title=\"non-profit-06\" \/><\/span><\/div>\n\n<div class=\"et_pb_heading_5 et_pb_heading et_pb_module et_block_module preset--module--divi-heading--59f599c4-b01e-4a9b-a0a5-f7b3e354c75a\"><div class=\"et_pb_heading_container\"><h4 class=\"et_pb_module_header\">Coastal Cleanup<\/h4><\/div><\/div>\n\n<div class=\"et_pb_heading_6 et_pb_heading et_pb_module et_block_module preset--module--divi-heading--89ab8696-5e46-4b87-a00a-d872068e3033\"><div class=\"et_pb_heading_container\"><h6 class=\"et_pb_module_header\">March 23, 9am @ Ocean Beach<\/h6><\/div><\/div>\n\n<div class=\"et_pb_text_5 et_pb_text et_pb_bg_layout_light et_pb_module et_block_module preset--module--divi-text--default\"><div class=\"et_pb_text_inner\"><p>Join us for a Coastal Cleanup event where volunteers come together to remove trash and debris from our beautiful coastlines<\/p>\n<\/div><\/div>\n\n<div class=\"et_pb_module et_pb_button_module_wrapper et_pb_button_4_wrapper preset--module--divi-button--default_wrapper\"><a class=\"et_pb_button_4 et_pb_button et_pb_bg_layout_light et_pb_module et_block_module preset--module--divi-button--default\" href=\"\">Sign Up to Volunteer<\/a><\/div>\n<\/div>\n\n<div class=\"et_pb_column_7 et_pb_column et_pb_column_1_2 et-last-child et_block_column et_pb_css_mix_blend_mode_passthrough\">\n<div class=\"et_pb_heading_7 et_pb_heading et_pb_module et_block_module preset--module--divi-heading--default\"><div class=\"et_pb_heading_container\"><h2 class=\"et_pb_module_header\">Devenir b\u00e9n\u00e9vole<\/h2><\/div><\/div>\n\n<div class=\"et_pb_text_6 et_pb_text et_pb_bg_layout_light et_pb_module et_block_module preset--module--divi-text--a4d5bd0b-c6df-4efa-93df-b960974f4af4\"><div class=\"et_pb_text_inner\"><p>Volunteering your time is a powerful way to make a direct impact on the global water crisis. Your efforts help bring clean and safe drinking water to communities in need, improve health outcomes, and empower individuals. Whether you can contribute a few hours or dedicate more of your time, your involvement is invaluable.<\/p>\n<h4><\/h4>\n<\/div><\/div>\n\n<div class=\"et_pb_module et_pb_button_module_wrapper et_pb_button_5_wrapper preset--module--divi-button--ec232acc-c5d4-452c-a33a-229826290fa9_wrapper\"><a class=\"et_pb_button_5 et_pb_button et_pb_bg_layout_light et_pb_module et_block_module preset--module--divi-button--ec232acc-c5d4-452c-a33a-229826290fa9\" href=\"\">Browse All Events<\/a><\/div>\n<\/div>\n<\/div>\n<\/div>","protected":false},"excerpt":{"rendered":"","protected":false},"author":2,"featured_media":0,"parent":0,"menu_order":0,"comment_status":"closed","ping_status":"closed","template":"","meta":{"footnotes":""},"class_list":["post-12","page","type-page","status-publish","hentry"],"_links":{"self":[{"href":"https:\/\/patapon95.fr\/index.php\/wp-json\/wp\/v2\/pages\/12","targetHints":{"allow":["GET"]}}],"collection":[{"href":"https:\/\/patapon95.fr\/index.php\/wp-json\/wp\/v2\/pages"}],"about":[{"href":"https:\/\/patapon95.fr\/index.php\/wp-json\/wp\/v2\/types\/page"}],"author":[{"embeddable":true,"href":"https:\/\/patapon95.fr\/index.php\/wp-json\/wp\/v2\/users\/2"}],"replies":[{"embeddable":true,"href":"https:\/\/patapon95.fr\/index.php\/wp-json\/wp\/v2\/comments?post=12"}],"version-history":[{"count":2,"href":"https:\/\/patapon95.fr\/index.php\/wp-json\/wp\/v2\/pages\/12\/revisions"}],"predecessor-version":[{"id":84,"href":"https:\/\/patapon95.fr\/index.php\/wp-json\/wp\/v2\/pages\/12\/revisions\/84"}],"wp:attachment":[{"href":"https:\/\/patapon95.fr\/index.php\/wp-json\/wp\/v2\/media?parent=12"}],"curies":[{"name":"wp","href":"https:\/\/api.w.org\/{rel}","templated":true}]}}