{"id":8,"date":"2026-04-05T17:20:53","date_gmt":"2026-04-05T16:20:53","guid":{"rendered":"https:\/\/lllljro.cluster100.hosting.ovh.net\/?page_id=8"},"modified":"2026-04-06T07:57:07","modified_gmt":"2026-04-06T06:57:07","slug":"about","status":"publish","type":"page","link":"https:\/\/patapon95.fr\/index.php\/about\/","title":{"rendered":"About"},"content":{"rendered":"<div class=\"et_pb_section_0 et_pb_section et_section_regular et_block_section preset--module--divi-section--5ca0172d-92d0-465d-bd0d-1f5afa9d3ac6\">\n<div class=\"et_pb_row_0 et_pb_row et_block_row\">\n<div class=\"et_pb_column_0 et_pb_column et_pb_column_4_4 et-last-child et_block_column et_pb_css_mix_blend_mode_passthrough\">\n<div class=\"et_pb_heading_0 et_pb_heading et_pb_module et_block_module preset--module--divi-heading--5cc275b2-b54a-44e7-a32c-abf79622799f\"><div class=\"et_pb_heading_container\"><h1 class=\"et_pb_module_header\">Qui sommes nous ?<\/h1><\/div><\/div>\n\n<div class=\"et_pb_text_0 et_pb_text et_pb_bg_layout_light et_pb_module et_flex_module preset--module--divi-text--a4d5bd0b-c6df-4efa-93df-b960974f4af4\"><div class=\"et_pb_text_inner\"><p><strong>Patapon<\/strong> a \u00e9t\u00e9 cr\u00e9\u00e9 par la volont\u00e9 des deux membres fondateurs. Je vais en quelques mots vous raconter leur histoire.<\/p>\n<p>Les Fondateurs :<\/p>\n<p>&nbsp;<\/p>\n<p>Brigitte DANIEL<\/p>\n<p>&nbsp;<\/p>\n<p>Notre mission est de sensibiliser et d'agir contre les violences de genre en unissant nos forces pour cr\u00e9er un avenir meilleur o\u00f9 chacun se sent en s\u00e9curit\u00e9 et respect\u00e9.<\/p>\n<p>&nbsp;<\/p>\n<\/div><\/div>\n<\/div>\n<\/div>\n\n<div class=\"et_pb_row_1 et_pb_row et_flex_row\">\n<div class=\"et_pb_column_1 et_pb_column et_flex_column et_pb_css_mix_blend_mode_passthrough et_flex_column_2_5 et_flex_column_2_5_tablet et_flex_column_24_24_phone\">\n<div class=\"et_pb_image_0 et_pb_image et_pb_module et_flex_module preset--module--divi-image--default\"><span class=\"et_pb_image_wrap\"><img loading=\"lazy\" decoding=\"async\" src=\"http:\/\/patapon95.fr\/wp-content\/uploads\/2026\/04\/IMG_3100-scaled.jpg\" title=\"IMG_3100\" width=\"1707\" height=\"2560\" srcset=\"http:\/\/patapon95.fr\/wp-content\/uploads\/2026\/04\/IMG_3100-scaled.jpg 1707w, http:\/\/patapon95.fr\/wp-content\/uploads\/2026\/04\/IMG_3100-1280x1920.jpg 1280w, http:\/\/patapon95.fr\/wp-content\/uploads\/2026\/04\/IMG_3100-980x1470.jpg 980w, http:\/\/patapon95.fr\/wp-content\/uploads\/2026\/04\/IMG_3100-480x720.jpg 480w\" sizes=\"(min-width: 0px) and (max-width: 480px) 480px, (min-width: 481px) and (max-width: 980px) 980px, (min-width: 981px) and (max-width: 1280px) 1280px, (min-width: 1281px) 1707px, 100vw\" class=\"wp-image-81\" \/><\/span><\/div>\n<\/div>\n\n<div class=\"et_pb_column_2 et_pb_column et-last-child et_flex_column et_pb_css_mix_blend_mode_passthrough et_flex_column_3_5 et_flex_column_3_5_tablet et_flex_column_24_24_phone\">\n<div class=\"et_pb_text_1 et_pb_text et_pb_bg_layout_dark et_pb_module et_flex_module preset--module--divi-text--default\"><div class=\"et_pb_text_inner\"><p>Brigitte<\/p>\n<\/div><\/div>\n<\/div>\n<\/div>\n\n<div class=\"et_pb_row_2 et_pb_row et_flex_row\">\n<div class=\"et_pb_column_3 et_pb_column et_flex_column et_pb_css_mix_blend_mode_passthrough et_flex_column_2_5 et_flex_column_2_5_tablet et_flex_column_24_24_phone\">\n<div class=\"et_pb_image_1 et_pb_image et_pb_module et_flex_module preset--module--divi-image--default\"><span class=\"et_pb_image_wrap\"><img loading=\"lazy\" decoding=\"async\" src=\"http:\/\/patapon95.fr\/wp-content\/uploads\/2026\/04\/1985k9y7o1u5u.jpg\" title=\"1985k9y7o1u5u\" width=\"1207\" height=\"1209\" srcset=\"http:\/\/patapon95.fr\/wp-content\/uploads\/2026\/04\/1985k9y7o1u5u.jpg 1207w, http:\/\/patapon95.fr\/wp-content\/uploads\/2026\/04\/1985k9y7o1u5u-980x982.jpg 980w, http:\/\/patapon95.fr\/wp-content\/uploads\/2026\/04\/1985k9y7o1u5u-480x481.jpg 480w\" sizes=\"(min-width: 0px) and (max-width: 480px) 480px, (min-width: 481px) and (max-width: 980px) 980px, (min-width: 981px) 1207px, 100vw\" class=\"wp-image-82\" \/><\/span><\/div>\n<\/div>\n\n<div class=\"et_pb_column_4 et_pb_column et-last-child et_flex_column et_pb_css_mix_blend_mode_passthrough et_flex_column_3_5 et_flex_column_3_5_tablet et_flex_column_24_24_phone\">\n<div class=\"et_pb_text_2 et_pb_text et_pb_bg_layout_dark et_pb_module et_flex_module preset--module--divi-text--default\"><div class=\"et_pb_text_inner\"><p>Pierre<\/p>\n<\/div><\/div>\n<\/div>\n<\/div>\n\n<div class=\"et_pb_row_3 et_pb_row et_flex_row\">\n<div class=\"et_pb_column_5 et_pb_column et-last-child et_flex_column et_pb_css_mix_blend_mode_passthrough et_flex_column_24_24 et_flex_column_24_24_tablet et_flex_column_24_24_phone\">\n<div class=\"et_pb_image_2 et_pb_image et_pb_module et_flex_module preset--module--divi-image--default\"><span class=\"et_pb_image_wrap\"><img loading=\"lazy\" decoding=\"async\" src=\"http:\/\/patapon95.fr\/wp-content\/uploads\/2026\/04\/Fondateurs-sur-heronspng.png\" title=\"Fondateurs sur h\u00e9ronspng\" width=\"2332\" height=\"1792\" srcset=\"http:\/\/patapon95.fr\/wp-content\/uploads\/2026\/04\/Fondateurs-sur-heronspng.png 2332w, http:\/\/patapon95.fr\/wp-content\/uploads\/2026\/04\/Fondateurs-sur-heronspng-1280x984.png 1280w, http:\/\/patapon95.fr\/wp-content\/uploads\/2026\/04\/Fondateurs-sur-heronspng-980x753.png 980w, http:\/\/patapon95.fr\/wp-content\/uploads\/2026\/04\/Fondateurs-sur-heronspng-480x369.png 480w\" sizes=\"(min-width: 0px) and (max-width: 480px) 480px, (min-width: 481px) and (max-width: 980px) 980px, (min-width: 981px) and (max-width: 1280px) 1280px, (min-width: 1281px) 2332px, 100vw\" class=\"wp-image-78\" \/><\/span><\/div>\n<\/div>\n<\/div>\n<\/div>\n\n<div class=\"et_pb_section_1 et_pb_section et_section_regular et_block_section preset--module--divi-section--default\">\n<div class=\"et_pb_row_4 et_pb_row et_block_row\">\n<div class=\"et_pb_column_6 et_pb_column et_pb_column_4_4 et-last-child et_block_column et_pb_css_mix_blend_mode_passthrough\">\n<div class=\"et_pb_heading_1 et_pb_heading et_pb_module et_block_module preset--module--divi-heading--default\"><div class=\"et_pb_heading_container\"><h2 class=\"et_pb_module_header\">Approche collaborative<\/h2><\/div><\/div>\n<\/div>\n<\/div>\n\n<div class=\"et_pb_row_5 et_pb_row et_pb_equal_columns et_block_row\">\n<div class=\"et_pb_column_7 et_pb_column et_pb_column_1_3 et_block_column et_pb_css_mix_blend_mode_passthrough preset--module--divi-column--b7833b95-2e9d-4a64-a14a-e265ab475b11\">\n<div class=\"et_pb_blurb_0 et_pb_blurb et_pb_bg_layout_dark et_pb_text_align_center et_pb_blurb_position_top et_pb_module et_block_module preset--module--divi-blurb--b7803c94-927e-443d-9718-67a18695bcfd\"><div class=\"et_pb_blurb_content\"><div class=\"et_pb_main_blurb_image\"><span class=\"et_pb_image_wrap\"><span class=\"et-pb-icon et_animated et_animated\">\uf043<\/span><\/span><\/div><div class=\"et_pb_blurb_container\"><h4 class=\"et_pb_module_header\">Appreciative Inquiry<\/h4><div class=\"et_pb_blurb_description\"><p>Highlighting the importance of ocean conservation efforts, showcasing key projects, and outcomes.<\/p>\n<\/div><\/div><\/div><\/div>\n<\/div>\n\n<div class=\"et_pb_column_8 et_pb_column et_pb_column_1_3 et_block_column et_pb_css_mix_blend_mode_passthrough preset--module--divi-column--b2afa376-ca13-4be9-8294-3d2b586e8a03\">\n<div class=\"et_pb_blurb_1 et_pb_blurb et_pb_bg_layout_dark et_pb_text_align_center et_pb_blurb_position_top et_pb_module et_block_module preset--module--divi-blurb--b7803c94-927e-443d-9718-67a18695bcfd\"><div class=\"et_pb_blurb_content\"><div class=\"et_pb_main_blurb_image\"><span class=\"et_pb_image_wrap\"><span class=\"et-pb-icon et_animated et_animated\">\uf0c0<\/span><\/span><\/div><div class=\"et_pb_blurb_container\"><h4 class=\"et_pb_module_header\">Th\u00e9rapie individuelle et groupe de pratique<\/h4><div class=\"et_pb_blurb_description\"><p>Demonstrating how Divi involves local communities in ocean conservation through education.<\/p>\n<\/div><\/div><\/div><\/div>\n<\/div>\n\n<div class=\"et_pb_column_9 et_pb_column et_pb_column_1_3 et-last-child et_block_column et_pb_css_mix_blend_mode_passthrough preset--module--divi-column--2f76e078-1bb7-4996-84f0-517e6af7b639\">\n<div class=\"et_pb_blurb_2 et_pb_blurb et_pb_bg_layout_dark et_pb_text_align_center et_pb_blurb_position_top et_pb_module et_block_module preset--module--divi-blurb--b7803c94-927e-443d-9718-67a18695bcfd\"><div class=\"et_pb_blurb_content\"><div class=\"et_pb_main_blurb_image\"><span class=\"et_pb_image_wrap\"><span class=\"et-pb-icon et_animated et_animated\">\uf0c3<\/span><\/span><\/div><div class=\"et_pb_blurb_container\"><h4 class=\"et_pb_module_header\">Cr\u00e9ation d'ateliers<\/h4><div class=\"et_pb_blurb_description\"><p>Showcasing ongoing research projects, technological innovations to ocean preservation.<\/p>\n<\/div><\/div><\/div><\/div>\n<\/div>\n<\/div>\n<\/div>\n\n<div class=\"et_pb_section_2 et_pb_section et_section_regular et_block_section preset--module--divi-section--default\">\n<div class=\"et_pb_row_6 et_pb_row et_block_row\">\n<div class=\"et_pb_column_10 et_pb_column et_pb_column_1_2 et_block_column et_pb_css_mix_blend_mode_passthrough\">\n<div class=\"et_pb_image_3 et_pb_image et_pb_module et_block_module preset--module--divi-image--default\"><span class=\"et_pb_image_wrap\"><img decoding=\"async\" src=\"http:\/\/lllljro.cluster100.hosting.ovh.net\/wp-content\/uploads\/2026\/04\/non-profit-05-1.jpg\" title=\"non-profit-05\" \/><\/span><\/div>\n<\/div>\n\n<div class=\"et_pb_column_11 et_pb_column et_pb_column_1_2 et-last-child et_block_column et_pb_css_mix_blend_mode_passthrough\">\n<div class=\"et_pb_heading_2 et_pb_heading et_pb_module et_block_module preset--module--divi-heading--default\"><div class=\"et_pb_heading_container\"><h2 class=\"et_pb_module_header\">Real People. Real Impact.<\/h2><\/div><\/div>\n\n<div class=\"et_pb_text_3 et_pb_text et_pb_bg_layout_light et_pb_module et_block_module preset--module--divi-text--default\"><div class=\"et_pb_text_inner\"><p>Every contribution helps transform lives, bringing health, hope, and a brighter future to communities in need. Our initiatives provide access to clean and safe drinking water, leading to improved health, economic opportunities, and educational prospects for countless individuals.<\/p>\n<p>Meet the people whose lives have been positively impacted by your generosity. From children who can now attend school regularly to families who no longer suffer from waterborne diseases, your support creates real, lasting change.\u00a0<\/p>\n<\/div><\/div>\n\n<div class=\"et_pb_module et_pb_button_module_wrapper et_pb_button_0_wrapper preset--module--divi-button--fd900b14-7333-4b65-bbdc-198354697477_wrapper\"><a class=\"et_pb_button_0 et_pb_button et_pb_bg_layout_light et_pb_module et_block_module preset--module--divi-button--fd900b14-7333-4b65-bbdc-198354697477\" href=\"\">Donate Now<\/a><\/div>\n<\/div>\n<\/div>\n<\/div>","protected":false},"excerpt":{"rendered":"","protected":false},"author":2,"featured_media":0,"parent":0,"menu_order":0,"comment_status":"closed","ping_status":"closed","template":"","meta":{"footnotes":""},"class_list":["post-8","page","type-page","status-publish","hentry"],"_links":{"self":[{"href":"https:\/\/patapon95.fr\/index.php\/wp-json\/wp\/v2\/pages\/8","targetHints":{"allow":["GET"]}}],"collection":[{"href":"https:\/\/patapon95.fr\/index.php\/wp-json\/wp\/v2\/pages"}],"about":[{"href":"https:\/\/patapon95.fr\/index.php\/wp-json\/wp\/v2\/types\/page"}],"author":[{"embeddable":true,"href":"https:\/\/patapon95.fr\/index.php\/wp-json\/wp\/v2\/users\/2"}],"replies":[{"embeddable":true,"href":"https:\/\/patapon95.fr\/index.php\/wp-json\/wp\/v2\/comments?post=8"}],"version-history":[{"count":4,"href":"https:\/\/patapon95.fr\/index.php\/wp-json\/wp\/v2\/pages\/8\/revisions"}],"predecessor-version":[{"id":83,"href":"https:\/\/patapon95.fr\/index.php\/wp-json\/wp\/v2\/pages\/8\/revisions\/83"}],"wp:attachment":[{"href":"https:\/\/patapon95.fr\/index.php\/wp-json\/wp\/v2\/media?parent=8"}],"curies":[{"name":"wp","href":"https:\/\/api.w.org\/{rel}","templated":true}]}}